{"id":1171,"date":"2022-11-02T12:02:23","date_gmt":"2022-11-02T11:02:23","guid":{"rendered":"https:\/\/mamaxbattery.ch\/?post_type=product&#038;p=1171"},"modified":"2022-11-14T11:19:40","modified_gmt":"2022-11-14T10:19:40","slug":"hydromaverich-ecleaner-4-0-powerfull","status":"publish","type":"product","link":"https:\/\/mamaxbattery.ch\/de\/produkt\/hydromaverich-ecleaner-4-0-powerfull\/","title":{"rendered":"Hydromaverich ECLEANER 4.0  POWERFULL"},"content":{"rendered":"","protected":false},"excerpt":{"rendered":"<p>Hydromaverich Ecleaner 4.0 \u00e8 stato rivoluzionato nella nuova versione, il Design made in Italy lo rende unico, prezioso ed elegante grazie al logo inconfondibile di verde illuminato. Hydromaverich Ecleaner 4.0 ora \u00e8 uno strumento indispensabile per l&#8217;Autofficina, i vostri clienti rimarranno affascinati da tanta bellezza ed efficienza.<br \/>\nUno strumento inimitabile in quanto la sua tecnologia \u00e8 avanzata e superiore rispetto alle proposte dell&#8217;attuale mercato, del resto la nostra Azienda, progetta, sviluppa e sperimenta sul campo da pi\u00f9 di 10 anni e siamo stati i primi in assoluto in Italia a produrre, nonch\u00e9 offrire il servizio di decarbonizzazione del motore a idrogeno.<br \/>\nHydromaverich \u00e8 sinonimo di alta qualit\u00e0 Italiana.<\/p>\n<ul>\n<li>Il dispositivo \u00e8 completamente controllato via tablet con BT e Wifi e pu\u00f2 essere controllato anche via cellulare, \u00e8 un dispositivo 4.0 e rientra nelle agevolazioni fiscali in corso<\/li>\n<li>Il tablet dispone di diversi programmi in base al veicolo da trattare e tipologia di problema, programma speciale per la pulizia del fap. Il dispositivo \u00e8 collegato Wifi e trasmette eventuali anomalie direttamente al fabbricante per una rapida assistenza remota<\/li>\n<li>La produzione dell\u2019idrogeno \u00e8 affidata a celle elettrolitiche che producono un flusso costante di idrogeno<\/li>\n<li>alimentazione 220v &#8211; celle in acciaio inox<\/li>\n<li>adatto per tutti i tipi di veicoli<\/li>\n<\/ul>\n<p>\u00c8 un dispositivo generante idrogeno dall\u2019acqua distillata per la\u00a0pulizia interna dei motori endotermici quali benzina, diesel, gpl,\u00a0metano e a tutti i tipi di mezzi: automobili, furgoni, camion, barche e\u00a0generatori di corrente.<\/p>\n<p>Nello specifico il dispositivo ECLEANER \u00e8 in grado di ridurre e\u00a0distruggere i depositi carboniosi depositati all\u2019interno del\u00a0motore con un processo chimico di combinazione idrogeno carbonio.<br \/>\nTutti i motori a combustione interna non riescono a bruciare\u00a0completamente il combustibile che sia benzina, diesel, gpl, o\u00a0metano per questo motivo accumulano depositi carboniosi inquinanti.<br \/>\nL\u2019idrogeno prodotto viene immesso nel motore attraverso il\u00a0condotto di aspirazione, in forma gassosa e viene aspirato dal\u00a0motore arrivando fino alla camera di scoppio migliorandone la\u00a0combustione, le prestazioni, i consumi e abbassando notevolmente\u00a0i gas inquinanti.<br \/>\nI componenti interessati alla pulizia sono: valvole e valvola EGR,\u00a0turbina, iniettori, pistone, camera di scoppio e linea di scarico\u00a0comprensivo di FAP (Filtro antiparticolato).<br \/>\nL\u2019idrogeno non pulisce i condotti di aspirazione ma \u00e8 comunque\u00a0possibile eseguirne la pulizia il macchinario Eair aggiuntivo.<\/p>","protected":false},"featured_media":1172,"template":"","meta":{"_et_pb_use_builder":"","_et_pb_old_content":"","_et_gb_content_width":""},"product_brand":[],"product_cat":[60,59],"product_tag":[],"class_list":{"0":"post-1171","1":"product","2":"type-product","3":"status-publish","4":"has-post-thumbnail","6":"product_cat-ecleaner","7":"product_cat-hydromaverich","9":"first","10":"instock","11":"shipping-taxable","12":"product-type-simple"},"_links":{"self":[{"href":"https:\/\/mamaxbattery.ch\/de\/wp-json\/wp\/v2\/product\/1171","targetHints":{"allow":["GET"]}}],"collection":[{"href":"https:\/\/mamaxbattery.ch\/de\/wp-json\/wp\/v2\/product"}],"about":[{"href":"https:\/\/mamaxbattery.ch\/de\/wp-json\/wp\/v2\/types\/product"}],"wp:featuredmedia":[{"embeddable":true,"href":"https:\/\/mamaxbattery.ch\/de\/wp-json\/wp\/v2\/media\/1172"}],"wp:attachment":[{"href":"https:\/\/mamaxbattery.ch\/de\/wp-json\/wp\/v2\/media?parent=1171"}],"wp:term":[{"taxonomy":"product_brand","embeddable":true,"href":"https:\/\/mamaxbattery.ch\/de\/wp-json\/wp\/v2\/product_brand?post=1171"},{"taxonomy":"product_cat","embeddable":true,"href":"https:\/\/mamaxbattery.ch\/de\/wp-json\/wp\/v2\/product_cat?post=1171"},{"taxonomy":"product_tag","embeddable":true,"href":"https:\/\/mamaxbattery.ch\/de\/wp-json\/wp\/v2\/product_tag?post=1171"}],"curies":[{"name":"wp","href":"https:\/\/api.w.org\/{rel}","templated":true}]}}